{"id":3663,"date":"2024-04-18T15:28:38","date_gmt":"2024-04-18T13:28:38","guid":{"rendered":"https:\/\/stilbjerglystfiskersoe.dk\/?page_id=3663"},"modified":"2025-11-18T12:47:08","modified_gmt":"2025-11-18T11:47:08","slug":"udlejningslokale","status":"publish","type":"page","link":"https:\/\/stilbjerglystfiskersoe.dk\/en\/udlejningslokale\/","title":{"rendered":"Udlejningslokale"},"content":{"rendered":"<section class=\"wpb-content-wrapper\"><p>[vc_row full_width=&#8221;stretch_row&#8221;][vc_column]<div class=\"ult-spacer spacer-69fb6fcbdbbc2\" data-id=\"69fb6fcbdbbc2\" data-height=\"90\" data-height-mobile=\"60\" data-height-tab=\"90\" data-height-tab-portrait=\"60\" data-height-mobile-landscape=\"60\" style=\"clear:both;display:block;\"><\/div>[vc_row_inner][vc_column_inner offset=&#8221;vc_col-lg-8 vc_col-md-8 vc_col-xs-12&#8243;][vc_column_text]<\/p>\n<h2>Udlejningslokale<\/h2>\n<p>Mangler du\/i et sted til at fejre en af livets store begivenheder (fx konfirmation, barned\u00e5b, f\u00f8dselsdag, jubil\u00e6um, firmaarrangemet mv.), s\u00e5 er vores nyistandsatte udlejningslokale m\u00e5ske lige det du\/i s\u00f8ger.<\/p>\n<p>Salen har troldtekt loft og en stor flot v\u00e6g bekl\u00e6dt med klamerbr\u00e6dder, hvilket g\u00f8r at akustikken er helt i top.<\/p>\n<p>Den er 130 kvm, hvor der er borde og stole til 65 personer. Salen opvarmes med varmepumpe.<\/p>\n<p>OBS: Salen udlejes ikke til ungdomsfester[\/vc_column_text]<div class=\"ult-spacer spacer-69fb6fcbdbc0f\" data-id=\"69fb6fcbdbc0f\" data-height=\"0\" data-height-mobile=\"30\" data-height-tab=\"0\" data-height-tab-portrait=\"30\" data-height-mobile-landscape=\"30\" style=\"clear:both;display:block;\"><\/div>[\/vc_column_inner][vc_column_inner offset=&#8221;vc_col-lg-4 vc_col-md-4 vc_col-xs-12&#8243;][vc_widget_sidebar sidebar_id=&#8221;sidebar-1&#8243; el_class=&#8221;contact-sidebar&#8221;][\/vc_column_inner][\/vc_row_inner][vc_empty_space height=&#8221;30px&#8221;][vc_media_grid element_width=&#8221;3&#8243; gap=&#8221;20&#8243; grid_id=&#8221;vc_gid:1763466351388-f4eb9446-f699-7&#8243; include=&#8221;3665,3668,3671,3674&#8243;]<div class=\"ult-spacer spacer-69fb6fcbdbc33\" data-id=\"69fb6fcbdbc33\" data-height=\"90\" data-height-mobile=\"60\" data-height-tab=\"90\" data-height-tab-portrait=\"60\" data-height-mobile-landscape=\"60\" style=\"clear:both;display:block;\"><\/div>[vc_row_inner][vc_column_inner width=&#8221;2\/3&#8243;][vc_column_text]<\/p>\n<h3>Lounge<\/h3>\n<p>Salen har en integreret bar med Chesterfield sofas\u00e6t, hvor g\u00e6sterne kan sl\u00e6nge sig.<br \/>\nI baren er der k\u00f8leskab.[\/vc_column_text][vc_empty_space height=&#8221;30px&#8221;][\/vc_column_inner][vc_column_inner width=&#8221;1\/3&#8243;][\/vc_column_inner][\/vc_row_inner][vc_media_grid element_width=&#8221;3&#8243; gap=&#8221;20&#8243; grid_id=&#8221;vc_gid:1763466351392-d45773ef-2319-9&#8243; include=&#8221;3678&#8243;]<div class=\"ult-spacer spacer-69fb6fcbdbc53\" data-id=\"69fb6fcbdbc53\" data-height=\"90\" data-height-mobile=\"60\" data-height-tab=\"90\" data-height-tab-portrait=\"60\" data-height-mobile-landscape=\"60\" style=\"clear:both;display:block;\"><\/div>[vc_row_inner][vc_column_inner width=&#8221;2\/3&#8243;][vc_column_text]<\/p>\n<h3>Toilet<\/h3>\n<p>Toilettet er 10 kvm og har to toiletb\u00e5se, en f\u00e6lles h\u00e5ndvask, samt bad.[\/vc_column_text][vc_empty_space height=&#8221;30px&#8221;][\/vc_column_inner][vc_column_inner width=&#8221;1\/3&#8243;][\/vc_column_inner][\/vc_row_inner][vc_media_grid element_width=&#8221;3&#8243; gap=&#8221;20&#8243; grid_id=&#8221;vc_gid:1763466351394-ca8fd832-347d-4&#8243; include=&#8221;3682,3685&#8243;]<div class=\"ult-spacer spacer-69fb6fcbdbc79\" data-id=\"69fb6fcbdbc79\" data-height=\"90\" data-height-mobile=\"60\" data-height-tab=\"90\" data-height-tab-portrait=\"60\" data-height-mobile-landscape=\"60\" style=\"clear:both;display:block;\"><\/div>[vc_row_inner][vc_column_inner width=&#8221;2\/3&#8243;][vc_column_text]<\/p>\n<h3>K\u00f8kken<\/h3>\n<p>K\u00f8kkenet er 18 kvm og er udstyret med en industriopvaskemaskine, keramisk komfur, stort k\u00f8leskab, fryser, elkedel, kaffemaskine og mikrob\u00f8lgeovn.<\/p>\n<p>Alt til bordd\u00e6kning, sk\u00e5le, fade mv.<\/p>\n<p>(OBS dug er ikke inkluderet)[\/vc_column_text][vc_empty_space height=&#8221;30px&#8221;][\/vc_column_inner][vc_column_inner width=&#8221;1\/3&#8243;][\/vc_column_inner][\/vc_row_inner][vc_media_grid element_width=&#8221;3&#8243; gap=&#8221;20&#8243; grid_id=&#8221;vc_gid:1763466351399-c0f7314c-b7fe-2&#8243; include=&#8221;3689,3692&#8243;]<div class=\"ult-spacer spacer-69fb6fcbdbc94\" data-id=\"69fb6fcbdbc94\" data-height=\"90\" data-height-mobile=\"60\" data-height-tab=\"90\" data-height-tab-portrait=\"60\" data-height-mobile-landscape=\"60\" style=\"clear:both;display:block;\"><\/div>[vc_row_inner][vc_column_inner width=&#8221;2\/3&#8243;][vc_column_text]<\/p>\n<h3>Priser<\/h3>\n<p>Alle priser er inkl. Slutreng\u00f8ring, samt forbrug af vand og str\u00f8m. Lejer st\u00e5r selv for at rydde lokalet og feje gulvet.<\/p>\n<p>1 d\u00f8gn: 2.500 kr. Inkl. Moms (Fx. Fra Kl.10.00 til kl. 10.00)<\/p>\n<p>2 d\u00f8gn: 3.700 kr. inkl. Moms<\/p>\n<p>For reservation af lokalet kontakt <a href=\"tel:22874243\">22874243<\/a> eller <a href=\"mailto:kontakt.stilbjerg@gmail.com\">kontakt.stilbjerg@gmail.com<\/a><\/p>\n<p>Ved reservation forudbetales 1.000 kr.[\/vc_column_text][vc_empty_space height=&#8221;30px&#8221;][vc_column_text]<\/p>\n<h3>Priser for \u00f8delagt service<\/h3>\n<p>R\u00f8dvin \u2013 15 kr.<\/p>\n<p>Hvidvin \u2013 15 kr.<\/p>\n<p>Dessertvin \u2013 10 kr.<\/p>\n<p>Portvin \u2013 8 kr.<\/p>\n<p>Snapsglas \u2013 8 kr.<\/p>\n<p>Vandglas \u2013 10 kr.<\/p>\n<p>Frokosttallerken \u2013 25 kr.<\/p>\n<p>Middagstallerken \u2013 35 kr.<\/p>\n<p>Dybtallerken \u2013 25 kr.<\/p>\n<p>Underkop \u2013 20 kr.<\/p>\n<p>Kaffekop \u2013 25 kr.<\/p>\n<p>Glassk\u00e5l 26 \u00d8 \u2013 45 kr.<\/p>\n<p>Glassk\u00e5l 9 cm \u2013 10 kr.<\/p>\n<p>Gaffel \u2013 15 kr.<\/p>\n<p>Kniv \u2013 15 kr.<\/p>\n<p>Spiseske \u2013 15 kr.<\/p>\n<p>Teske \u2013 10 kr.<\/p>\n<p>Kagegaffel \u2013 10 kr.[\/vc_column_text][\/vc_column_inner][vc_column_inner width=&#8221;1\/3&#8243;][\/vc_column_inner][\/vc_row_inner]<div class=\"ult-spacer spacer-69fb6fcbdbcaf\" data-id=\"69fb6fcbdbcaf\" data-height=\"90\" data-height-mobile=\"60\" data-height-tab=\"90\" data-height-tab-portrait=\"60\" data-height-mobile-landscape=\"60\" style=\"clear:both;display:block;\"><\/div>[\/vc_column][\/vc_row]<\/p>\n<\/section>","protected":false},"excerpt":{"rendered":"<p>[vc_row full_width=&#8221;stretch_row&#8221;][vc_column][vc_row_inner][vc_column_inner offset=&#8221;vc_col-lg-8 vc_col-md-8 vc_col-xs-12&#8243;][vc_column_text] Udlejningslokale Mangler du\/i et sted til at fejre en af livets store begivenheder (fx konfirmation, barned\u00e5b, f\u00f8dselsdag, jubil\u00e6um, firmaarrangemet mv.), s\u00e5 er vores nyistandsatte udlejningslokale m\u00e5ske lige det du\/i s\u00f8ger. Salen har troldtekt loft og en stor flot v\u00e6g bekl\u00e6dt med klamerbr\u00e6dder, hvilket g\u00f8r at akustikken er helt i top. &#8230; <a title=\"Udlejningslokale\" class=\"read-more\" href=\"https:\/\/stilbjerglystfiskersoe.dk\/en\/udlejningslokale\/\" aria-label=\"More on Udlejningslokale\">Read more<\/a><\/p>\n","protected":false},"author":4,"featured_media":0,"parent":0,"menu_order":0,"comment_status":"closed","ping_status":"closed","template":"","meta":{"_acf_changed":false,"footnotes":""},"categories":[],"acf":[],"yoast_head":"<!-- This site is optimized with the Yoast SEO plugin v23.0 - https:\/\/yoast.com\/wordpress\/plugins\/seo\/ -->\n<title>Udlejningslokale &#183; Stilbjerg Lystfiskers\u00f8<\/title>\n<meta name=\"robots\" content=\"index, follow, max-snippet:-1, max-image-preview:large, max-video-preview:-1\" \/>\n<link rel=\"canonical\" href=\"https:\/\/stilbjerglystfiskersoe.dk\/udlejningslokale\/\" \/>\n<meta property=\"og:locale\" content=\"en_US\" \/>\n<meta property=\"og:type\" content=\"article\" \/>\n<meta property=\"og:title\" content=\"Udlejningslokale &#183; Stilbjerg Lystfiskers\u00f8\" \/>\n<meta property=\"og:description\" content=\"[vc_row full_width=&#8221;stretch_row&#8221;][vc_column][vc_row_inner][vc_column_inner offset=&#8221;vc_col-lg-8 vc_col-md-8 vc_col-xs-12&#8243;][vc_column_text] Udlejningslokale Mangler du\/i et sted til at fejre en af livets store begivenheder (fx konfirmation, barned\u00e5b, f\u00f8dselsdag, jubil\u00e6um, firmaarrangemet mv.), s\u00e5 er vores nyistandsatte udlejningslokale m\u00e5ske lige det du\/i s\u00f8ger. Salen har troldtekt loft og en stor flot v\u00e6g bekl\u00e6dt med klamerbr\u00e6dder, hvilket g\u00f8r at akustikken er helt i top. ... Read more\" \/>\n<meta property=\"og:url\" content=\"https:\/\/stilbjerglystfiskersoe.dk\/udlejningslokale\/\" \/>\n<meta property=\"og:site_name\" content=\"Stilbjerg Lystfiskers\u00f8\" \/>\n<meta property=\"article:modified_time\" content=\"2025-11-18T11:47:08+00:00\" \/>\n<meta name=\"twitter:card\" content=\"summary_large_image\" \/>\n<meta name=\"twitter:label1\" content=\"Est. reading time\" \/>\n\t<meta name=\"twitter:data1\" content=\"4 minutes\" \/>\n<script type=\"application\/ld+json\" class=\"yoast-schema-graph\">{\"@context\":\"https:\/\/schema.org\",\"@graph\":[{\"@type\":\"WebPage\",\"@id\":\"https:\/\/stilbjerglystfiskersoe.dk\/udlejningslokale\/\",\"url\":\"https:\/\/stilbjerglystfiskersoe.dk\/udlejningslokale\/\",\"name\":\"Udlejningslokale &#183; Stilbjerg Lystfiskers\u00f8\",\"isPartOf\":{\"@id\":\"https:\/\/stilbjerglystfiskersoe.dk\/#website\"},\"datePublished\":\"2024-04-18T13:28:38+00:00\",\"dateModified\":\"2025-11-18T11:47:08+00:00\",\"breadcrumb\":{\"@id\":\"https:\/\/stilbjerglystfiskersoe.dk\/udlejningslokale\/#breadcrumb\"},\"inLanguage\":\"en-US\",\"potentialAction\":[{\"@type\":\"ReadAction\",\"target\":[\"https:\/\/stilbjerglystfiskersoe.dk\/udlejningslokale\/\"]}]},{\"@type\":\"BreadcrumbList\",\"@id\":\"https:\/\/stilbjerglystfiskersoe.dk\/udlejningslokale\/#breadcrumb\",\"itemListElement\":[{\"@type\":\"ListItem\",\"position\":1,\"name\":\"Hjem\",\"item\":\"https:\/\/stilbjerglystfiskersoe.dk\/en\/home\/\"},{\"@type\":\"ListItem\",\"position\":2,\"name\":\"Udlejningslokale\"}]},{\"@type\":\"WebSite\",\"@id\":\"https:\/\/stilbjerglystfiskersoe.dk\/#website\",\"url\":\"https:\/\/stilbjerglystfiskersoe.dk\/\",\"name\":\"Stilbjerg Lystfiskers\u00f8\",\"description\":\"Put and take: Fiskes\u00f8 og shelter i Billund og Midtjylland\",\"publisher\":{\"@id\":\"https:\/\/stilbjerglystfiskersoe.dk\/#organization\"},\"potentialAction\":[{\"@type\":\"SearchAction\",\"target\":{\"@type\":\"EntryPoint\",\"urlTemplate\":\"https:\/\/stilbjerglystfiskersoe.dk\/?s={search_term_string}\"},\"query-input\":\"required name=search_term_string\"}],\"inLanguage\":\"en-US\"},{\"@type\":\"Organization\",\"@id\":\"https:\/\/stilbjerglystfiskersoe.dk\/#organization\",\"name\":\"Stilbjerg Lystfiskers\u00f8\",\"url\":\"https:\/\/stilbjerglystfiskersoe.dk\/\",\"logo\":{\"@type\":\"ImageObject\",\"inLanguage\":\"en-US\",\"@id\":\"https:\/\/stilbjerglystfiskersoe.dk\/#\/schema\/logo\/image\/\",\"url\":\"https:\/\/stilbjerglystfiskersoe.dk\/wp-content\/uploads\/2020\/11\/logo-copy.png\",\"contentUrl\":\"https:\/\/stilbjerglystfiskersoe.dk\/wp-content\/uploads\/2020\/11\/logo-copy.png\",\"width\":316,\"height\":359,\"caption\":\"Stilbjerg Lystfiskers\u00f8\"},\"image\":{\"@id\":\"https:\/\/stilbjerglystfiskersoe.dk\/#\/schema\/logo\/image\/\"}}]}<\/script>\n<!-- \/ Yoast SEO plugin. -->","yoast_head_json":{"title":"Udlejningslokale &#183; Stilbjerg Lystfiskers\u00f8","robots":{"index":"index","follow":"follow","max-snippet":"max-snippet:-1","max-image-preview":"max-image-preview:large","max-video-preview":"max-video-preview:-1"},"canonical":"https:\/\/stilbjerglystfiskersoe.dk\/udlejningslokale\/","og_locale":"en_US","og_type":"article","og_title":"Udlejningslokale &#183; Stilbjerg Lystfiskers\u00f8","og_description":"[vc_row full_width=&#8221;stretch_row&#8221;][vc_column][vc_row_inner][vc_column_inner offset=&#8221;vc_col-lg-8 vc_col-md-8 vc_col-xs-12&#8243;][vc_column_text] Udlejningslokale Mangler du\/i et sted til at fejre en af livets store begivenheder (fx konfirmation, barned\u00e5b, f\u00f8dselsdag, jubil\u00e6um, firmaarrangemet mv.), s\u00e5 er vores nyistandsatte udlejningslokale m\u00e5ske lige det du\/i s\u00f8ger. Salen har troldtekt loft og en stor flot v\u00e6g bekl\u00e6dt med klamerbr\u00e6dder, hvilket g\u00f8r at akustikken er helt i top. ... Read more","og_url":"https:\/\/stilbjerglystfiskersoe.dk\/udlejningslokale\/","og_site_name":"Stilbjerg Lystfiskers\u00f8","article_modified_time":"2025-11-18T11:47:08+00:00","twitter_card":"summary_large_image","twitter_misc":{"Est. reading time":"4 minutes"},"schema":{"@context":"https:\/\/schema.org","@graph":[{"@type":"WebPage","@id":"https:\/\/stilbjerglystfiskersoe.dk\/udlejningslokale\/","url":"https:\/\/stilbjerglystfiskersoe.dk\/udlejningslokale\/","name":"Udlejningslokale &#183; Stilbjerg Lystfiskers\u00f8","isPartOf":{"@id":"https:\/\/stilbjerglystfiskersoe.dk\/#website"},"datePublished":"2024-04-18T13:28:38+00:00","dateModified":"2025-11-18T11:47:08+00:00","breadcrumb":{"@id":"https:\/\/stilbjerglystfiskersoe.dk\/udlejningslokale\/#breadcrumb"},"inLanguage":"en-US","potentialAction":[{"@type":"ReadAction","target":["https:\/\/stilbjerglystfiskersoe.dk\/udlejningslokale\/"]}]},{"@type":"BreadcrumbList","@id":"https:\/\/stilbjerglystfiskersoe.dk\/udlejningslokale\/#breadcrumb","itemListElement":[{"@type":"ListItem","position":1,"name":"Hjem","item":"https:\/\/stilbjerglystfiskersoe.dk\/en\/home\/"},{"@type":"ListItem","position":2,"name":"Udlejningslokale"}]},{"@type":"WebSite","@id":"https:\/\/stilbjerglystfiskersoe.dk\/#website","url":"https:\/\/stilbjerglystfiskersoe.dk\/","name":"Stilbjerg Lystfiskers\u00f8","description":"Put and take: Fiskes\u00f8 og shelter i Billund og Midtjylland","publisher":{"@id":"https:\/\/stilbjerglystfiskersoe.dk\/#organization"},"potentialAction":[{"@type":"SearchAction","target":{"@type":"EntryPoint","urlTemplate":"https:\/\/stilbjerglystfiskersoe.dk\/?s={search_term_string}"},"query-input":"required name=search_term_string"}],"inLanguage":"en-US"},{"@type":"Organization","@id":"https:\/\/stilbjerglystfiskersoe.dk\/#organization","name":"Stilbjerg Lystfiskers\u00f8","url":"https:\/\/stilbjerglystfiskersoe.dk\/","logo":{"@type":"ImageObject","inLanguage":"en-US","@id":"https:\/\/stilbjerglystfiskersoe.dk\/#\/schema\/logo\/image\/","url":"https:\/\/stilbjerglystfiskersoe.dk\/wp-content\/uploads\/2020\/11\/logo-copy.png","contentUrl":"https:\/\/stilbjerglystfiskersoe.dk\/wp-content\/uploads\/2020\/11\/logo-copy.png","width":316,"height":359,"caption":"Stilbjerg Lystfiskers\u00f8"},"image":{"@id":"https:\/\/stilbjerglystfiskersoe.dk\/#\/schema\/logo\/image\/"}}]}},"_links":{"self":[{"href":"https:\/\/stilbjerglystfiskersoe.dk\/en\/wp-json\/wp\/v2\/pages\/3663"}],"collection":[{"href":"https:\/\/stilbjerglystfiskersoe.dk\/en\/wp-json\/wp\/v2\/pages"}],"about":[{"href":"https:\/\/stilbjerglystfiskersoe.dk\/en\/wp-json\/wp\/v2\/types\/page"}],"author":[{"embeddable":true,"href":"https:\/\/stilbjerglystfiskersoe.dk\/en\/wp-json\/wp\/v2\/users\/4"}],"replies":[{"embeddable":true,"href":"https:\/\/stilbjerglystfiskersoe.dk\/en\/wp-json\/wp\/v2\/comments?post=3663"}],"version-history":[{"count":7,"href":"https:\/\/stilbjerglystfiskersoe.dk\/en\/wp-json\/wp\/v2\/pages\/3663\/revisions"}],"predecessor-version":[{"id":3710,"href":"https:\/\/stilbjerglystfiskersoe.dk\/en\/wp-json\/wp\/v2\/pages\/3663\/revisions\/3710"}],"wp:attachment":[{"href":"https:\/\/stilbjerglystfiskersoe.dk\/en\/wp-json\/wp\/v2\/media?parent=3663"}],"wp:term":[{"taxonomy":"category","embeddable":true,"href":"https:\/\/stilbjerglystfiskersoe.dk\/en\/wp-json\/wp\/v2\/categories?post=3663"}],"curies":[{"name":"wp","href":"https:\/\/api.w.org\/{rel}","templated":true}]}}