{"id":3613,"date":"2022-03-24T11:28:59","date_gmt":"2022-03-24T10:28:59","guid":{"rendered":"https:\/\/stilbjerglystfiskersoe.dk\/ueber-den-stilbjerg-angelsee\/"},"modified":"2023-07-07T11:22:23","modified_gmt":"2023-07-07T09:22:23","slug":"ueber-den-stilbjerg-angelsee","status":"publish","type":"page","link":"https:\/\/stilbjerglystfiskersoe.dk\/de\/ueber-den-stilbjerg-angelsee\/","title":{"rendered":"\u00dcber den Stilbjerg Angelsee"},"content":{"rendered":"<section class=\"wpb-content-wrapper\"><p>[vc_row full_width=&#8220;stretch_row&#8220;][vc_column]<div class=\"ult-spacer spacer-69f235492fd01\" data-id=\"69f235492fd01\" data-height=\"90\" data-height-mobile=\"60\" data-height-tab=\"90\" data-height-tab-portrait=\"60\" data-height-mobile-landscape=\"60\" style=\"clear:both;display:block;\"><\/div>[vc_row_inner][vc_column_inner offset=&#8220;vc_col-lg-8 vc_col-md-8 vc_col-xs-12&#8243;][vc_column_text]<\/p>\n<h2>\u00dcber uns<\/h2>\n<p>Der See wurde 1991 gegr\u00fcndet und liegt in einer landschaftlich reizvollen Gegend, die von W\u00e4ldern umgeben ist. Hier kommst du der Natur ganz nah. Wenn du Fische f\u00e4ngst, kannst du mit etwas Gl\u00fcck auch einen Blick auf die Rothirsche erhaschen, die im Wald leben. Erstaunlich, dass die Tierwelt nur 5 km vom Zentrum von Billund entfernt so reichhaltig ist.<\/p>\n<p>Unser Put and Take See hat eine Fl\u00e4che von ca. 2600 Quadratmetern und ist ein Grundwassersee. Er befindet sich in einem Trinkwassergebiet, so dass die Wasserqualit\u00e4t erstklassig ist. Der See hat unterschiedliche Tiefen und L\u00f6cher von bis zu 5 Metern. Das k\u00fchle Grundwasser und die unterschiedlichen Tiefen sorgen daf\u00fcr, dass die Fische im See sowohl im Sommer als auch im Winter gut zurechtkommen.<\/p>\n<h3>Einrichtungen und Annehmlichkeiten<\/h3>\n<p>Unsere Besucher sollen die M\u00f6glichkeit haben, ihren Fang zu reinigen, bevor sie ihn mit nach Hause nehmen. Unser Reinigungstisch befindet sich an der R\u00fcckseite des Schuppens am See. Der Tisch wird jeden Tag gereinigt und der M\u00fclleimer wird geleert, um eine gute Hygiene zu gew\u00e4hrleisten.<\/p>\n<p>Sollte es an einem Tag, an dem du den See besuchst, regnerisch und windig sein, gibt es 3 Unterst\u00e4nde rund um den See sowie 2 Shelter, so dass es m\u00f6glich ist, Schutz vor dem Regen zu suchen. Mit dem d\u00e4nischen Wetter kann man nicht immer rechnen.<\/p>\n<p>Au\u00dferdem gibt es so viele B\u00e4nke wie m\u00f6glich rund um den See, damit du dich hinsetzen und dein Lunchpaket und die sch\u00f6ne Natur genie\u00dfen kannst.<\/p>\n<p>Am See gibt es einen neu renovierten Schuppen, in dem es eine sch\u00f6ne Toilette gibt, die jeden Tag gereinigt wird.<\/p>\n<p>Am See gibt es keine Grills, aber du kannst gerne deine eigenen mitbringen, solange du ordentlich hinter dir aufr\u00e4umst.[\/vc_column_text]<div class=\"ult-spacer spacer-69f235492fd49\" data-id=\"69f235492fd49\" data-height=\"0\" data-height-mobile=\"30\" data-height-tab=\"0\" data-height-tab-portrait=\"30\" data-height-mobile-landscape=\"30\" style=\"clear:both;display:block;\"><\/div>[\/vc_column_inner][vc_column_inner offset=&#8220;vc_col-lg-4 vc_col-md-4 vc_col-xs-12&#8243;][vc_widget_sidebar sidebar_id=&#8220;sidebar-1&#8243; el_class=&#8220;contact-sidebar&#8220;][\/vc_column_inner][\/vc_row_inner]<div class=\"ult-spacer spacer-69f235492fd6d\" data-id=\"69f235492fd6d\" data-height=\"90\" data-height-mobile=\"60\" data-height-tab=\"90\" data-height-tab-portrait=\"60\" data-height-mobile-landscape=\"60\" style=\"clear:both;display:block;\"><\/div>[\/vc_column][\/vc_row][vc_row][vc_column][vc_media_grid style=&#8220;pagination&#8220; items_per_page=&#8220;6&#8243; element_width=&#8220;2&#8243; gap=&#8220;20&#8243; grid_id=&#8220;vc_gid:1658684198042-507c150f-3a73-5&#8243; include=&#8220;3373,3384,3382,3383,3381,3374,3375&#8243;][\/vc_column][\/vc_row]<\/p>\n<\/section>","protected":false},"excerpt":{"rendered":"<p>[vc_row full_width=&#8220;stretch_row&#8220;][vc_column][vc_row_inner][vc_column_inner offset=&#8220;vc_col-lg-8 vc_col-md-8 vc_col-xs-12&#8243;][vc_column_text] \u00dcber uns Der See wurde 1991 gegr\u00fcndet und liegt in einer landschaftlich reizvollen Gegend, die von W\u00e4ldern umgeben ist. Hier kommst du der Natur ganz nah. Wenn du Fische f\u00e4ngst, kannst du mit etwas Gl\u00fcck auch einen Blick auf die Rothirsche erhaschen, die im Wald leben. Erstaunlich, dass die Tierwelt &#8230; <a title=\"\u00dcber den Stilbjerg Angelsee\" class=\"read-more\" href=\"https:\/\/stilbjerglystfiskersoe.dk\/de\/ueber-den-stilbjerg-angelsee\/\" aria-label=\"Mehr zu \u00dcber den Stilbjerg Angelsee\">Weiterlesen &#8230;<\/a><\/p>\n","protected":false},"author":1,"featured_media":0,"parent":0,"menu_order":6,"comment_status":"closed","ping_status":"closed","template":"","meta":{"_acf_changed":false,"footnotes":""},"categories":[],"acf":[],"yoast_head":"<!-- This site is optimized with the Yoast SEO plugin v23.0 - https:\/\/yoast.com\/wordpress\/plugins\/seo\/ -->\n<title>\u00dcber den Stilbjerg Angelsee &#183; Stilbjerg Lystfiskers\u00f8<\/title>\n<meta name=\"robots\" content=\"index, follow, max-snippet:-1, max-image-preview:large, max-video-preview:-1\" \/>\n<link rel=\"canonical\" href=\"https:\/\/stilbjerglystfiskersoe.dk\/de\/ueber-den-stilbjerg-angelsee\/\" \/>\n<meta property=\"og:locale\" content=\"de_DE\" \/>\n<meta property=\"og:type\" content=\"article\" \/>\n<meta property=\"og:title\" content=\"\u00dcber den Stilbjerg Angelsee &#183; Stilbjerg Lystfiskers\u00f8\" \/>\n<meta property=\"og:description\" content=\"[vc_row full_width=&#8220;stretch_row&#8220;][vc_column][vc_row_inner][vc_column_inner offset=&#8220;vc_col-lg-8 vc_col-md-8 vc_col-xs-12&#8243;][vc_column_text] \u00dcber uns Der See wurde 1991 gegr\u00fcndet und liegt in einer landschaftlich reizvollen Gegend, die von W\u00e4ldern umgeben ist. Hier kommst du der Natur ganz nah. Wenn du Fische f\u00e4ngst, kannst du mit etwas Gl\u00fcck auch einen Blick auf die Rothirsche erhaschen, die im Wald leben. Erstaunlich, dass die Tierwelt ... Weiterlesen ...\" \/>\n<meta property=\"og:url\" content=\"https:\/\/stilbjerglystfiskersoe.dk\/de\/ueber-den-stilbjerg-angelsee\/\" \/>\n<meta property=\"og:site_name\" content=\"Stilbjerg Lystfiskers\u00f8\" \/>\n<meta property=\"article:modified_time\" content=\"2023-07-07T09:22:23+00:00\" \/>\n<meta name=\"twitter:card\" content=\"summary_large_image\" \/>\n<meta name=\"twitter:label1\" content=\"Gesch\u00e4tzte Lesezeit\" \/>\n\t<meta name=\"twitter:data1\" content=\"2\u00a0Minuten\" \/>\n<script type=\"application\/ld+json\" class=\"yoast-schema-graph\">{\"@context\":\"https:\/\/schema.org\",\"@graph\":[{\"@type\":\"WebPage\",\"@id\":\"https:\/\/stilbjerglystfiskersoe.dk\/de\/ueber-den-stilbjerg-angelsee\/\",\"url\":\"https:\/\/stilbjerglystfiskersoe.dk\/de\/ueber-den-stilbjerg-angelsee\/\",\"name\":\"\u00dcber den Stilbjerg Angelsee &#183; Stilbjerg Lystfiskers\u00f8\",\"isPartOf\":{\"@id\":\"https:\/\/stilbjerglystfiskersoe.dk\/#website\"},\"datePublished\":\"2022-03-24T10:28:59+00:00\",\"dateModified\":\"2023-07-07T09:22:23+00:00\",\"breadcrumb\":{\"@id\":\"https:\/\/stilbjerglystfiskersoe.dk\/de\/ueber-den-stilbjerg-angelsee\/#breadcrumb\"},\"inLanguage\":\"de\",\"potentialAction\":[{\"@type\":\"ReadAction\",\"target\":[\"https:\/\/stilbjerglystfiskersoe.dk\/de\/ueber-den-stilbjerg-angelsee\/\"]}]},{\"@type\":\"BreadcrumbList\",\"@id\":\"https:\/\/stilbjerglystfiskersoe.dk\/de\/ueber-den-stilbjerg-angelsee\/#breadcrumb\",\"itemListElement\":[{\"@type\":\"ListItem\",\"position\":1,\"name\":\"Hjem\",\"item\":\"https:\/\/stilbjerglystfiskersoe.dk\/de\/startseite\/\"},{\"@type\":\"ListItem\",\"position\":2,\"name\":\"\u00dcber den Stilbjerg Angelsee\"}]},{\"@type\":\"WebSite\",\"@id\":\"https:\/\/stilbjerglystfiskersoe.dk\/#website\",\"url\":\"https:\/\/stilbjerglystfiskersoe.dk\/\",\"name\":\"Stilbjerg Lystfiskers\u00f8\",\"description\":\"Put and take: Fiskes\u00f8 og shelter i Billund og Midtjylland\",\"publisher\":{\"@id\":\"https:\/\/stilbjerglystfiskersoe.dk\/#organization\"},\"potentialAction\":[{\"@type\":\"SearchAction\",\"target\":{\"@type\":\"EntryPoint\",\"urlTemplate\":\"https:\/\/stilbjerglystfiskersoe.dk\/?s={search_term_string}\"},\"query-input\":\"required name=search_term_string\"}],\"inLanguage\":\"de\"},{\"@type\":\"Organization\",\"@id\":\"https:\/\/stilbjerglystfiskersoe.dk\/#organization\",\"name\":\"Stilbjerg Lystfiskers\u00f8\",\"url\":\"https:\/\/stilbjerglystfiskersoe.dk\/\",\"logo\":{\"@type\":\"ImageObject\",\"inLanguage\":\"de\",\"@id\":\"https:\/\/stilbjerglystfiskersoe.dk\/#\/schema\/logo\/image\/\",\"url\":\"https:\/\/stilbjerglystfiskersoe.dk\/wp-content\/uploads\/2020\/11\/logo-copy.png\",\"contentUrl\":\"https:\/\/stilbjerglystfiskersoe.dk\/wp-content\/uploads\/2020\/11\/logo-copy.png\",\"width\":316,\"height\":359,\"caption\":\"Stilbjerg Lystfiskers\u00f8\"},\"image\":{\"@id\":\"https:\/\/stilbjerglystfiskersoe.dk\/#\/schema\/logo\/image\/\"}}]}<\/script>\n<!-- \/ Yoast SEO plugin. -->","yoast_head_json":{"title":"\u00dcber den Stilbjerg Angelsee &#183; Stilbjerg Lystfiskers\u00f8","robots":{"index":"index","follow":"follow","max-snippet":"max-snippet:-1","max-image-preview":"max-image-preview:large","max-video-preview":"max-video-preview:-1"},"canonical":"https:\/\/stilbjerglystfiskersoe.dk\/de\/ueber-den-stilbjerg-angelsee\/","og_locale":"de_DE","og_type":"article","og_title":"\u00dcber den Stilbjerg Angelsee &#183; Stilbjerg Lystfiskers\u00f8","og_description":"[vc_row full_width=&#8220;stretch_row&#8220;][vc_column][vc_row_inner][vc_column_inner offset=&#8220;vc_col-lg-8 vc_col-md-8 vc_col-xs-12&#8243;][vc_column_text] \u00dcber uns Der See wurde 1991 gegr\u00fcndet und liegt in einer landschaftlich reizvollen Gegend, die von W\u00e4ldern umgeben ist. Hier kommst du der Natur ganz nah. Wenn du Fische f\u00e4ngst, kannst du mit etwas Gl\u00fcck auch einen Blick auf die Rothirsche erhaschen, die im Wald leben. Erstaunlich, dass die Tierwelt ... Weiterlesen ...","og_url":"https:\/\/stilbjerglystfiskersoe.dk\/de\/ueber-den-stilbjerg-angelsee\/","og_site_name":"Stilbjerg Lystfiskers\u00f8","article_modified_time":"2023-07-07T09:22:23+00:00","twitter_card":"summary_large_image","twitter_misc":{"Gesch\u00e4tzte Lesezeit":"2\u00a0Minuten"},"schema":{"@context":"https:\/\/schema.org","@graph":[{"@type":"WebPage","@id":"https:\/\/stilbjerglystfiskersoe.dk\/de\/ueber-den-stilbjerg-angelsee\/","url":"https:\/\/stilbjerglystfiskersoe.dk\/de\/ueber-den-stilbjerg-angelsee\/","name":"\u00dcber den Stilbjerg Angelsee &#183; Stilbjerg Lystfiskers\u00f8","isPartOf":{"@id":"https:\/\/stilbjerglystfiskersoe.dk\/#website"},"datePublished":"2022-03-24T10:28:59+00:00","dateModified":"2023-07-07T09:22:23+00:00","breadcrumb":{"@id":"https:\/\/stilbjerglystfiskersoe.dk\/de\/ueber-den-stilbjerg-angelsee\/#breadcrumb"},"inLanguage":"de","potentialAction":[{"@type":"ReadAction","target":["https:\/\/stilbjerglystfiskersoe.dk\/de\/ueber-den-stilbjerg-angelsee\/"]}]},{"@type":"BreadcrumbList","@id":"https:\/\/stilbjerglystfiskersoe.dk\/de\/ueber-den-stilbjerg-angelsee\/#breadcrumb","itemListElement":[{"@type":"ListItem","position":1,"name":"Hjem","item":"https:\/\/stilbjerglystfiskersoe.dk\/de\/startseite\/"},{"@type":"ListItem","position":2,"name":"\u00dcber den Stilbjerg Angelsee"}]},{"@type":"WebSite","@id":"https:\/\/stilbjerglystfiskersoe.dk\/#website","url":"https:\/\/stilbjerglystfiskersoe.dk\/","name":"Stilbjerg Lystfiskers\u00f8","description":"Put and take: Fiskes\u00f8 og shelter i Billund og Midtjylland","publisher":{"@id":"https:\/\/stilbjerglystfiskersoe.dk\/#organization"},"potentialAction":[{"@type":"SearchAction","target":{"@type":"EntryPoint","urlTemplate":"https:\/\/stilbjerglystfiskersoe.dk\/?s={search_term_string}"},"query-input":"required name=search_term_string"}],"inLanguage":"de"},{"@type":"Organization","@id":"https:\/\/stilbjerglystfiskersoe.dk\/#organization","name":"Stilbjerg Lystfiskers\u00f8","url":"https:\/\/stilbjerglystfiskersoe.dk\/","logo":{"@type":"ImageObject","inLanguage":"de","@id":"https:\/\/stilbjerglystfiskersoe.dk\/#\/schema\/logo\/image\/","url":"https:\/\/stilbjerglystfiskersoe.dk\/wp-content\/uploads\/2020\/11\/logo-copy.png","contentUrl":"https:\/\/stilbjerglystfiskersoe.dk\/wp-content\/uploads\/2020\/11\/logo-copy.png","width":316,"height":359,"caption":"Stilbjerg Lystfiskers\u00f8"},"image":{"@id":"https:\/\/stilbjerglystfiskersoe.dk\/#\/schema\/logo\/image\/"}}]}},"_links":{"self":[{"href":"https:\/\/stilbjerglystfiskersoe.dk\/de\/wp-json\/wp\/v2\/pages\/3613"}],"collection":[{"href":"https:\/\/stilbjerglystfiskersoe.dk\/de\/wp-json\/wp\/v2\/pages"}],"about":[{"href":"https:\/\/stilbjerglystfiskersoe.dk\/de\/wp-json\/wp\/v2\/types\/page"}],"author":[{"embeddable":true,"href":"https:\/\/stilbjerglystfiskersoe.dk\/de\/wp-json\/wp\/v2\/users\/1"}],"replies":[{"embeddable":true,"href":"https:\/\/stilbjerglystfiskersoe.dk\/de\/wp-json\/wp\/v2\/comments?post=3613"}],"version-history":[{"count":2,"href":"https:\/\/stilbjerglystfiskersoe.dk\/de\/wp-json\/wp\/v2\/pages\/3613\/revisions"}],"predecessor-version":[{"id":3615,"href":"https:\/\/stilbjerglystfiskersoe.dk\/de\/wp-json\/wp\/v2\/pages\/3613\/revisions\/3615"}],"wp:attachment":[{"href":"https:\/\/stilbjerglystfiskersoe.dk\/de\/wp-json\/wp\/v2\/media?parent=3613"}],"wp:term":[{"taxonomy":"category","embeddable":true,"href":"https:\/\/stilbjerglystfiskersoe.dk\/de\/wp-json\/wp\/v2\/categories?post=3613"}],"curies":[{"name":"wp","href":"https:\/\/api.w.org\/{rel}","templated":true}]}}