{"id":3607,"date":"2022-03-24T11:28:59","date_gmt":"2022-03-24T10:28:59","guid":{"rendered":"https:\/\/stilbjerglystfiskersoe.dk\/regeln-und-vorschriften\/"},"modified":"2023-07-07T11:18:53","modified_gmt":"2023-07-07T09:18:53","slug":"regeln-und-vorschriften","status":"publish","type":"page","link":"https:\/\/stilbjerglystfiskersoe.dk\/de\/regeln-und-vorschriften\/","title":{"rendered":"Regeln und Vorschriften"},"content":{"rendered":"<section class=\"wpb-content-wrapper\"><p>[vc_row full_width=&#8220;stretch_row&#8220;][vc_column]<div class=\"ult-spacer spacer-69f254139c37a\" data-id=\"69f254139c37a\" data-height=\"90\" data-height-mobile=\"60\" data-height-tab=\"90\" data-height-tab-portrait=\"60\" data-height-mobile-landscape=\"60\" style=\"clear:both;display:block;\"><\/div>[vc_row_inner][vc_column_inner offset=&#8220;vc_col-lg-8 vc_col-md-8 vc_col-xs-12&#8243;][vc_column_text]<\/p>\n<h2>Unsere Regeln ansehen<\/h2>\n<ul>\n<li>Die Angler sind daf\u00fcr verantwortlich, die Regeln f\u00fcr das Angeln zu kennen.<br \/>\n.<\/li>\n<li>Das Angeln ist nur mit der bezahlten Anzahl von Angelruten erlaubt.<\/li>\n<li>Angelscheine m\u00fcssen vor Beginn des Angelns gekauft werden.<\/li>\n<li>Hunde m\u00fcssen an der Leine gef\u00fchrt werden.<\/li>\n<li>Es ist nur ein Haken pro Rute erlaubt.<\/li>\n<li>Das Rei\u00dfangeln ist strengstens verboten.<\/li>\n<li>Es ist nicht erlaubt, mit anderen lebenden K\u00f6dern als Regenw\u00fcrmern zu angeln.<\/li>\n<li>Es ist nicht erlaubt, mit Netzen zu fischen.<\/li>\n<\/ul>\n<p>[\/vc_column_text]<div class=\"ult-spacer spacer-69f254139c3bd\" data-id=\"69f254139c3bd\" data-height=\"0\" data-height-mobile=\"30\" data-height-tab=\"0\" data-height-tab-portrait=\"30\" data-height-mobile-landscape=\"30\" style=\"clear:both;display:block;\"><\/div>[\/vc_column_inner][vc_column_inner offset=&#8220;vc_col-lg-4 vc_col-md-4 vc_col-xs-12&#8243;][vc_widget_sidebar sidebar_id=&#8220;sidebar-1&#8243; el_class=&#8220;contact-sidebar&#8220;][\/vc_column_inner][\/vc_row_inner]<div class=\"ult-spacer spacer-69f254139c3e0\" data-id=\"69f254139c3e0\" data-height=\"90\" data-height-mobile=\"60\" data-height-tab=\"90\" data-height-tab-portrait=\"60\" data-height-mobile-landscape=\"60\" style=\"clear:both;display:block;\"><\/div>[\/vc_column][\/vc_row][vc_row full_width=&#8220;stretch_row&#8220; css=&#8220;.vc_custom_1648119874341{background-image: url(https:\/\/stilbjerglystfiskersoe.dk\/wp-content\/uploads\/2022\/03\/billede-2022-03-24-at-110221.jpg?id=3271) !important;background-position: center !important;background-repeat: no-repeat !important;background-size: cover !important;}&#8220;][vc_column]<div class=\"ult-spacer spacer-69f254139c3ff\" data-id=\"69f254139c3ff\" data-height=\"90\" data-height-mobile=\"60\" data-height-tab=\"90\" data-height-tab-portrait=\"60\" data-height-mobile-landscape=\"60\" style=\"clear:both;display:block;\"><\/div>[vc_row_inner][vc_column_inner width=&#8220;1\/4&#8243;][\/vc_column_inner][vc_column_inner width=&#8220;1\/2&#8243; css=&#8220;.vc_custom_1580212899553{padding-top: 40px !important;padding-right: 40px !important;padding-bottom: 40px !important;padding-left: 40px !important;background-color: rgba(255,255,255,0.85) !important;*background-color: rgb(255,255,255) !important;}&#8220;][vc_column_text]<\/p>\n<h3 style=\"text-align: center;\">Illegales Angeln<\/h3>\n<p style=\"text-align: center;\">Diebstahl (Fischen mit Netzen, Ruckfischen, Fischen mit mehr Angeln, als du bezahlt hast, usw.) kostet 500,- kr. Kontrollgeb\u00fchr.<\/p>\n<p style=\"text-align: center;\">Bei illegalem Fischen werden alle Fische mit 100 kr.\/kg abgerechnet.<\/p>\n<p style=\"text-align: center;\">Schwerwiegendere F\u00e4lle von Fischdiebstahl werden bei der Polizei angezeigt.<\/p>\n<p>[\/vc_column_text][\/vc_column_inner][vc_column_inner width=&#8220;1\/4&#8243;][\/vc_column_inner][\/vc_row_inner]<div class=\"ult-spacer spacer-69f254139c41b\" data-id=\"69f254139c41b\" data-height=\"90\" data-height-mobile=\"60\" data-height-tab=\"90\" data-height-tab-portrait=\"60\" data-height-mobile-landscape=\"60\" style=\"clear:both;display:block;\"><\/div>[\/vc_column][\/vc_row]<\/p>\n<\/section>","protected":false},"excerpt":{"rendered":"<p>[vc_row full_width=&#8220;stretch_row&#8220;][vc_column][vc_row_inner][vc_column_inner offset=&#8220;vc_col-lg-8 vc_col-md-8 vc_col-xs-12&#8243;][vc_column_text] Unsere Regeln ansehen Die Angler sind daf\u00fcr verantwortlich, die Regeln f\u00fcr das Angeln zu kennen. . Das Angeln ist nur mit der bezahlten Anzahl von Angelruten erlaubt. Angelscheine m\u00fcssen vor Beginn des Angelns gekauft werden. Hunde m\u00fcssen an der Leine gef\u00fchrt werden. Es ist nur ein Haken pro Rute erlaubt. &#8230; <a title=\"Regeln und Vorschriften\" class=\"read-more\" href=\"https:\/\/stilbjerglystfiskersoe.dk\/de\/regeln-und-vorschriften\/\" aria-label=\"Mehr zu Regeln und Vorschriften\">Weiterlesen &#8230;<\/a><\/p>\n","protected":false},"author":1,"featured_media":0,"parent":0,"menu_order":4,"comment_status":"closed","ping_status":"closed","template":"","meta":{"_acf_changed":false,"footnotes":""},"categories":[],"acf":[],"yoast_head":"<!-- This site is optimized with the Yoast SEO plugin v23.0 - https:\/\/yoast.com\/wordpress\/plugins\/seo\/ -->\n<title>Regeln und Vorschriften &#183; Stilbjerg Lystfiskers\u00f8<\/title>\n<meta name=\"robots\" content=\"index, follow, max-snippet:-1, max-image-preview:large, max-video-preview:-1\" \/>\n<link rel=\"canonical\" href=\"https:\/\/stilbjerglystfiskersoe.dk\/de\/regeln-und-vorschriften\/\" \/>\n<meta property=\"og:locale\" content=\"de_DE\" \/>\n<meta property=\"og:type\" content=\"article\" \/>\n<meta property=\"og:title\" content=\"Regeln und Vorschriften &#183; Stilbjerg Lystfiskers\u00f8\" \/>\n<meta property=\"og:description\" content=\"[vc_row full_width=&#8220;stretch_row&#8220;][vc_column][vc_row_inner][vc_column_inner offset=&#8220;vc_col-lg-8 vc_col-md-8 vc_col-xs-12&#8243;][vc_column_text] Unsere Regeln ansehen Die Angler sind daf\u00fcr verantwortlich, die Regeln f\u00fcr das Angeln zu kennen. . Das Angeln ist nur mit der bezahlten Anzahl von Angelruten erlaubt. Angelscheine m\u00fcssen vor Beginn des Angelns gekauft werden. Hunde m\u00fcssen an der Leine gef\u00fchrt werden. Es ist nur ein Haken pro Rute erlaubt. ... Weiterlesen ...\" \/>\n<meta property=\"og:url\" content=\"https:\/\/stilbjerglystfiskersoe.dk\/de\/regeln-und-vorschriften\/\" \/>\n<meta property=\"og:site_name\" content=\"Stilbjerg Lystfiskers\u00f8\" \/>\n<meta property=\"article:modified_time\" content=\"2023-07-07T09:18:53+00:00\" \/>\n<meta name=\"twitter:card\" content=\"summary_large_image\" \/>\n<meta name=\"twitter:label1\" content=\"Gesch\u00e4tzte Lesezeit\" \/>\n\t<meta name=\"twitter:data1\" content=\"2\u00a0Minuten\" \/>\n<script type=\"application\/ld+json\" class=\"yoast-schema-graph\">{\"@context\":\"https:\/\/schema.org\",\"@graph\":[{\"@type\":\"WebPage\",\"@id\":\"https:\/\/stilbjerglystfiskersoe.dk\/de\/regeln-und-vorschriften\/\",\"url\":\"https:\/\/stilbjerglystfiskersoe.dk\/de\/regeln-und-vorschriften\/\",\"name\":\"Regeln und Vorschriften &#183; Stilbjerg Lystfiskers\u00f8\",\"isPartOf\":{\"@id\":\"https:\/\/stilbjerglystfiskersoe.dk\/#website\"},\"datePublished\":\"2022-03-24T10:28:59+00:00\",\"dateModified\":\"2023-07-07T09:18:53+00:00\",\"breadcrumb\":{\"@id\":\"https:\/\/stilbjerglystfiskersoe.dk\/de\/regeln-und-vorschriften\/#breadcrumb\"},\"inLanguage\":\"de\",\"potentialAction\":[{\"@type\":\"ReadAction\",\"target\":[\"https:\/\/stilbjerglystfiskersoe.dk\/de\/regeln-und-vorschriften\/\"]}]},{\"@type\":\"BreadcrumbList\",\"@id\":\"https:\/\/stilbjerglystfiskersoe.dk\/de\/regeln-und-vorschriften\/#breadcrumb\",\"itemListElement\":[{\"@type\":\"ListItem\",\"position\":1,\"name\":\"Hjem\",\"item\":\"https:\/\/stilbjerglystfiskersoe.dk\/de\/startseite\/\"},{\"@type\":\"ListItem\",\"position\":2,\"name\":\"Regeln und Vorschriften\"}]},{\"@type\":\"WebSite\",\"@id\":\"https:\/\/stilbjerglystfiskersoe.dk\/#website\",\"url\":\"https:\/\/stilbjerglystfiskersoe.dk\/\",\"name\":\"Stilbjerg Lystfiskers\u00f8\",\"description\":\"Put and take: Fiskes\u00f8 og shelter i Billund og Midtjylland\",\"publisher\":{\"@id\":\"https:\/\/stilbjerglystfiskersoe.dk\/#organization\"},\"potentialAction\":[{\"@type\":\"SearchAction\",\"target\":{\"@type\":\"EntryPoint\",\"urlTemplate\":\"https:\/\/stilbjerglystfiskersoe.dk\/?s={search_term_string}\"},\"query-input\":\"required name=search_term_string\"}],\"inLanguage\":\"de\"},{\"@type\":\"Organization\",\"@id\":\"https:\/\/stilbjerglystfiskersoe.dk\/#organization\",\"name\":\"Stilbjerg Lystfiskers\u00f8\",\"url\":\"https:\/\/stilbjerglystfiskersoe.dk\/\",\"logo\":{\"@type\":\"ImageObject\",\"inLanguage\":\"de\",\"@id\":\"https:\/\/stilbjerglystfiskersoe.dk\/#\/schema\/logo\/image\/\",\"url\":\"https:\/\/stilbjerglystfiskersoe.dk\/wp-content\/uploads\/2020\/11\/logo-copy.png\",\"contentUrl\":\"https:\/\/stilbjerglystfiskersoe.dk\/wp-content\/uploads\/2020\/11\/logo-copy.png\",\"width\":316,\"height\":359,\"caption\":\"Stilbjerg Lystfiskers\u00f8\"},\"image\":{\"@id\":\"https:\/\/stilbjerglystfiskersoe.dk\/#\/schema\/logo\/image\/\"}}]}<\/script>\n<!-- \/ Yoast SEO plugin. -->","yoast_head_json":{"title":"Regeln und Vorschriften &#183; Stilbjerg Lystfiskers\u00f8","robots":{"index":"index","follow":"follow","max-snippet":"max-snippet:-1","max-image-preview":"max-image-preview:large","max-video-preview":"max-video-preview:-1"},"canonical":"https:\/\/stilbjerglystfiskersoe.dk\/de\/regeln-und-vorschriften\/","og_locale":"de_DE","og_type":"article","og_title":"Regeln und Vorschriften &#183; Stilbjerg Lystfiskers\u00f8","og_description":"[vc_row full_width=&#8220;stretch_row&#8220;][vc_column][vc_row_inner][vc_column_inner offset=&#8220;vc_col-lg-8 vc_col-md-8 vc_col-xs-12&#8243;][vc_column_text] Unsere Regeln ansehen Die Angler sind daf\u00fcr verantwortlich, die Regeln f\u00fcr das Angeln zu kennen. . Das Angeln ist nur mit der bezahlten Anzahl von Angelruten erlaubt. Angelscheine m\u00fcssen vor Beginn des Angelns gekauft werden. Hunde m\u00fcssen an der Leine gef\u00fchrt werden. Es ist nur ein Haken pro Rute erlaubt. ... Weiterlesen ...","og_url":"https:\/\/stilbjerglystfiskersoe.dk\/de\/regeln-und-vorschriften\/","og_site_name":"Stilbjerg Lystfiskers\u00f8","article_modified_time":"2023-07-07T09:18:53+00:00","twitter_card":"summary_large_image","twitter_misc":{"Gesch\u00e4tzte Lesezeit":"2\u00a0Minuten"},"schema":{"@context":"https:\/\/schema.org","@graph":[{"@type":"WebPage","@id":"https:\/\/stilbjerglystfiskersoe.dk\/de\/regeln-und-vorschriften\/","url":"https:\/\/stilbjerglystfiskersoe.dk\/de\/regeln-und-vorschriften\/","name":"Regeln und Vorschriften &#183; Stilbjerg Lystfiskers\u00f8","isPartOf":{"@id":"https:\/\/stilbjerglystfiskersoe.dk\/#website"},"datePublished":"2022-03-24T10:28:59+00:00","dateModified":"2023-07-07T09:18:53+00:00","breadcrumb":{"@id":"https:\/\/stilbjerglystfiskersoe.dk\/de\/regeln-und-vorschriften\/#breadcrumb"},"inLanguage":"de","potentialAction":[{"@type":"ReadAction","target":["https:\/\/stilbjerglystfiskersoe.dk\/de\/regeln-und-vorschriften\/"]}]},{"@type":"BreadcrumbList","@id":"https:\/\/stilbjerglystfiskersoe.dk\/de\/regeln-und-vorschriften\/#breadcrumb","itemListElement":[{"@type":"ListItem","position":1,"name":"Hjem","item":"https:\/\/stilbjerglystfiskersoe.dk\/de\/startseite\/"},{"@type":"ListItem","position":2,"name":"Regeln und Vorschriften"}]},{"@type":"WebSite","@id":"https:\/\/stilbjerglystfiskersoe.dk\/#website","url":"https:\/\/stilbjerglystfiskersoe.dk\/","name":"Stilbjerg Lystfiskers\u00f8","description":"Put and take: Fiskes\u00f8 og shelter i Billund og Midtjylland","publisher":{"@id":"https:\/\/stilbjerglystfiskersoe.dk\/#organization"},"potentialAction":[{"@type":"SearchAction","target":{"@type":"EntryPoint","urlTemplate":"https:\/\/stilbjerglystfiskersoe.dk\/?s={search_term_string}"},"query-input":"required name=search_term_string"}],"inLanguage":"de"},{"@type":"Organization","@id":"https:\/\/stilbjerglystfiskersoe.dk\/#organization","name":"Stilbjerg Lystfiskers\u00f8","url":"https:\/\/stilbjerglystfiskersoe.dk\/","logo":{"@type":"ImageObject","inLanguage":"de","@id":"https:\/\/stilbjerglystfiskersoe.dk\/#\/schema\/logo\/image\/","url":"https:\/\/stilbjerglystfiskersoe.dk\/wp-content\/uploads\/2020\/11\/logo-copy.png","contentUrl":"https:\/\/stilbjerglystfiskersoe.dk\/wp-content\/uploads\/2020\/11\/logo-copy.png","width":316,"height":359,"caption":"Stilbjerg Lystfiskers\u00f8"},"image":{"@id":"https:\/\/stilbjerglystfiskersoe.dk\/#\/schema\/logo\/image\/"}}]}},"_links":{"self":[{"href":"https:\/\/stilbjerglystfiskersoe.dk\/de\/wp-json\/wp\/v2\/pages\/3607"}],"collection":[{"href":"https:\/\/stilbjerglystfiskersoe.dk\/de\/wp-json\/wp\/v2\/pages"}],"about":[{"href":"https:\/\/stilbjerglystfiskersoe.dk\/de\/wp-json\/wp\/v2\/types\/page"}],"author":[{"embeddable":true,"href":"https:\/\/stilbjerglystfiskersoe.dk\/de\/wp-json\/wp\/v2\/users\/1"}],"replies":[{"embeddable":true,"href":"https:\/\/stilbjerglystfiskersoe.dk\/de\/wp-json\/wp\/v2\/comments?post=3607"}],"version-history":[{"count":2,"href":"https:\/\/stilbjerglystfiskersoe.dk\/de\/wp-json\/wp\/v2\/pages\/3607\/revisions"}],"predecessor-version":[{"id":3609,"href":"https:\/\/stilbjerglystfiskersoe.dk\/de\/wp-json\/wp\/v2\/pages\/3607\/revisions\/3609"}],"wp:attachment":[{"href":"https:\/\/stilbjerglystfiskersoe.dk\/de\/wp-json\/wp\/v2\/media?parent=3607"}],"wp:term":[{"taxonomy":"category","embeddable":true,"href":"https:\/\/stilbjerglystfiskersoe.dk\/de\/wp-json\/wp\/v2\/categories?post=3607"}],"curies":[{"name":"wp","href":"https:\/\/api.w.org\/{rel}","templated":true}]}}